{"id":252600,"date":"2024-12-04T14:40:29","date_gmt":"2024-12-04T13:40:29","guid":{"rendered":"https:\/\/originscapital.ch\/kontakt\/"},"modified":"2025-04-09T13:03:36","modified_gmt":"2025-04-09T11:03:36","slug":"kontakt","status":"publish","type":"page","link":"https:\/\/originscapital.ch\/de\/kontakt\/","title":{"rendered":"Kontakt"},"content":{"rendered":"<p>[et_pb_section fb_built=&#8220;1&#8243; module_class=&#8220;contact&#8220; _builder_version=&#8220;4.27.3&#8243; _module_preset=&#8220;default&#8220; background_color=&#8220;#FFFFFF&#8220; background_image=&#8220;http:\/\/originscapital.ch\/staging\/wp-content\/uploads\/2024\/12\/White-Curve-Ripple-Line@1x-25.0s-2002px-1036px.svg&#8220; module_alignment=&#8220;center&#8220; custom_margin=&#8220;0px||0px||true|false&#8220; custom_padding=&#8220;0px||0px||true|false&#8220; global_colors_info=&#8220;{}&#8220;][et_pb_row module_class=&#8220;header-row&#8220; _builder_version=&#8220;4.27.3&#8243; _module_preset=&#8220;default&#8220; width=&#8220;auto&#8220; custom_padding=&#8220;||||false|false&#8220; global_module=&#8220;984&#8243; saved_tabs=&#8220;all&#8220; global_colors_info=&#8220;{}&#8220;][et_pb_column type=&#8220;4_4&#8243; module_class=&#8220;white_menu&#8220; _builder_version=&#8220;4.27.3&#8243; _module_preset=&#8220;default&#8220; global_colors_info=&#8220;{}&#8220;][et_pb_menu active_link_color=&#8220;#0A1C2B&#8220; dropdown_menu_bg_color=&#8220;RGBA(255,255,255,0)&#8220; dropdown_menu_line_color=&#8220;#F0F1F3&#8243; dropdown_menu_text_color=&#8220;#0A1C2B&#8220; dropdown_menu_active_link_color=&#8220;rgba(10,28,43,0.7)&#8220; mobile_menu_bg_color=&#8220;#FFFFFF&#8220; mobile_menu_text_color=&#8220;#0A1C2B&#8220; logo=&#8220;http:\/\/originscapital.ch\/staging\/wp-content\/uploads\/2021\/03\/OriginsCapital_Email_logo_x2.png&#8220; logo_url=&#8220;@ET-DC@eyJkeW5hbWljIjp0cnVlLCJjb250ZW50IjoiaG9tZV91cmwiLCJzZXR0aW5ncyI6e319@&#8220; logo_width=&#8220;200px&#8220; logo_max_width=&#8220;200px&#8220; module_class=&#8220;active-menu-item&#8220; _builder_version=&#8220;4.27.3&#8243; _dynamic_attributes=&#8220;logo_url&#8220; _module_preset=&#8220;default&#8220; menu_text_color=&#8220;#0a1c2b&#8220; background_color=&#8220;RGBA(255,255,255,0)&#8220; text_orientation=&#8220;right&#8220; custom_css_menu_logo=&#8220;margin-right:0;&#8220; global_colors_info=&#8220;{}&#8220;][\/et_pb_menu][\/et_pb_column][\/et_pb_row][et_pb_row custom_padding_last_edited=&#8220;on|tablet&#8220; admin_label=&#8220;Header&#8220; _builder_version=&#8220;4.27.3&#8243; _module_preset=&#8220;default&#8220; module_alignment=&#8220;center&#8220; custom_margin=&#8220;||50px||false|false&#8220; custom_margin_tablet=&#8220;||20px||false|false&#8220; custom_margin_phone=&#8220;||20px||false|false&#8220; custom_margin_last_edited=&#8220;on|tablet&#8220; custom_padding=&#8220;0px||0px||true|false&#8220; custom_padding_tablet=&#8220;0px||0px||true|false&#8220; custom_padding_phone=&#8220;0px||0px||true|false&#8220; global_colors_info=&#8220;{}&#8220;][et_pb_column type=&#8220;4_4&#8243; _builder_version=&#8220;4.27.3&#8243; _module_preset=&#8220;default&#8220; global_colors_info=&#8220;{}&#8220;][et_pb_text module_class=&#8220;contact_header&#8220; _builder_version=&#8220;4.27.3&#8243; _module_preset=&#8220;default&#8220; text_font_size=&#8220;50px&#8220; text_line_height=&#8220;45px&#8220; width_tablet=&#8220;&#8220; width_phone=&#8220;&#8220; width_last_edited=&#8220;on|phone&#8220; module_alignment=&#8220;center&#8220; custom_margin=&#8220;50px||10px||false|false&#8220; custom_margin_tablet=&#8220;30px||20px||false|false&#8220; custom_margin_phone=&#8220;||20px||false|false&#8220; custom_margin_last_edited=&#8220;on|phone&#8220; text_text_color_tablet=&#8220;&#8220; text_text_color_phone=&#8220;&#8220; text_text_color_last_edited=&#8220;on|tablet&#8220; text_font_size_tablet=&#8220;30px&#8220; text_font_size_phone=&#8220;25px&#8220; text_font_size_last_edited=&#8220;on|tablet&#8220; text_line_height_tablet=&#8220;44px&#8220; text_line_height_phone=&#8220;44px&#8220; text_line_height_last_edited=&#8220;on|phone&#8220; global_colors_info=&#8220;{}&#8220;]<\/p>\n<h1><span class=\"highlight-text\">Kontaktieren Sie uns!<\/span> <span style=\"font-weight: 300;\">Gerne sind wir f\u00fcr Sie da und beantworten Ihre Fragen.<\/span><\/h1>\n<p>[\/et_pb_text][et_pb_text _builder_version=&#8220;4.27.3&#8243; _module_preset=&#8220;default&#8220; text_text_color=&#8220;rgba(10,28,43,0.59)&#8220; text_font_size=&#8220;18px&#8220; custom_margin=&#8220;0px||||false|false&#8220; custom_padding=&#8220;0px||||false|false&#8220; global_colors_info=&#8220;{}&#8220;]Nutzen Sie das untenstehende Kontaktformular oder kontaktieren Sie uns direkt per E-Mail oder besuchen Sie uns in unserem B\u00fcro.[\/et_pb_text][\/et_pb_column][\/et_pb_row][et_pb_row column_structure=&#8220;1_3,2_3&#8243; use_custom_gutter=&#8220;on&#8220; gutter_width=&#8220;1&#8243; make_equal=&#8220;on&#8220; admin_label=&#8220;Map Row&#8220; _builder_version=&#8220;4.27.3&#8243; _module_preset=&#8220;default&#8220; global_colors_info=&#8220;{}&#8220;][et_pb_column type=&#8220;1_3&#8243; module_class=&#8220;text-column&#8220; admin_label=&#8220;Column&#8220; _builder_version=&#8220;4.27.3&#8243; _module_preset=&#8220;default&#8220; background_color=&#8220;gcid-primary-color&#8220; custom_padding=&#8220;30px|20px||20px|false|true&#8220; global_colors_info=&#8220;{%22gcid-primary-color%22:%91%22background_color%22%93}&#8220;][et_pb_text _builder_version=&#8220;4.27.4&#8243; _module_preset=&#8220;default&#8220; text_text_color=&#8220;#FFFFFF&#8220; text_font_size=&#8220;16px&#8220; header_font=&#8220;|700|||||||&#8220; header_font_size=&#8220;20px&#8220; header_4_text_color=&#8220;#FFFFFF&#8220; background_color=&#8220;gcid-primary-color&#8220; background_layout=&#8220;dark&#8220; custom_margin=&#8220;||||false|false&#8220; custom_padding=&#8220;30px|40px||40px|false|true&#8220; custom_padding_tablet=&#8220;50px|50px|50px|50px|true|true&#8220; custom_padding_phone=&#8220;50px|20px|50px|20px|true|true&#8220; custom_padding_last_edited=&#8220;on|phone&#8220; custom_css_free_form=&#8220;a {||    color: white;||}&#8220; global_colors_info=&#8220;{%22gcid-primary-color%22:%91%22background_color%22%93}&#8220;]<\/p>\n<div class=\"address_section\">\n<h4><strong>Origins Capital GmbH<\/strong><\/h4>\n<\/div>\n<div class=\"contect_section\"><span class=\"contact_details\"> B\u00fcro:<br \/>\n<span class=\"address\"><strong>Limmatquai 4, 8001 Zurich,<\/strong><\/span><br \/>\n<span class=\"address\"><strong>Switzerland<\/strong><\/span>\n<\/div>\n<div class=\"contect_section\"><span class=\"contact_details\">Email:<br \/>\n<a href=\"mailto:%20info@originscapital.ch\" target=\"_blank\" rel=\"noopener\"><strong>info@originscapital.ch<\/strong><\/a><\/span><\/div>\n<p><a class=\"map_link\" href=\"https:\/\/maps.app.goo.gl\/NDPHuJdVqdSSoK6L6\"> Auf Google Maps \u00f6ffnen <span>\u2197<\/span><\/a>[\/et_pb_text][\/et_pb_column][et_pb_column type=&#8220;2_3&#8243; _builder_version=&#8220;4.27.3&#8243; _module_preset=&#8220;default&#8220; global_colors_info=&#8220;{}&#8220;][et_pb_map address=&#8220;Limmatquai 4, 8001 Z\u00fcrich, Switzerland&#8220; zoom_level=&#8220;13&#8243; address_lat=&#8220;47.3680599&#8243; address_lng=&#8220;8.5449768&#8243; _builder_version=&#8220;4.27.3&#8243; _module_preset=&#8220;default&#8220; link_option_url=&#8220;https:\/\/maps.app.goo.gl\/NDPHuJdVqdSSoK6L6&#8243; link_option_url_new_window=&#8220;on&#8220; hover_enabled=&#8220;0&#8243; global_colors_info=&#8220;{}&#8220; sticky_enabled=&#8220;0&#8243;][et_pb_map_pin pin_address=&#8220;Limmatquai 4, 8001 Z\u00fcrich, Switzerland&#8220; pin_address_lat=&#8220;47.3680599&#8243; pin_address_lng=&#8220;8.5449768&#8243; _builder_version=&#8220;4.27.3&#8243; _module_preset=&#8220;default&#8220; global_colors_info=&#8220;{}&#8220;][\/et_pb_map_pin][\/et_pb_map][\/et_pb_column][\/et_pb_row][et_pb_row custom_padding_last_edited=&#8220;on|phone&#8220; module_class=&#8220;contact_form&#8220; _builder_version=&#8220;4.27.3&#8243; _module_preset=&#8220;default&#8220; custom_padding_tablet=&#8220;&#8220; custom_padding_phone=&#8220;&#8220; global_colors_info=&#8220;{}&#8220;][et_pb_column type=&#8220;4_4&#8243; _builder_version=&#8220;4.27.3&#8243; _module_preset=&#8220;default&#8220; global_colors_info=&#8220;{}&#8220;][et_pb_code _builder_version=&#8220;4.27.3&#8243; _module_preset=&#8220;default&#8220; global_colors_info=&#8220;{}&#8220;]<style id=\"wpforms-css-vars-54\">\n\t\t\t\t#wpforms-54 {\n\t\t\t\t\n\t\t\t}\n\t\t\t<\/style><div class=\"wpforms-container wpforms-container-full contactform wpforms-render-modern\" id=\"wpforms-54\"><form id=\"wpforms-form-54\" class=\"wpforms-validate wpforms-form\" data-formid=\"54\" method=\"post\" enctype=\"multipart\/form-data\" action=\"\/de\/wp-json\/wp\/v2\/pages\/252600\" data-token=\"42225dcc9d7d0a167b1dc6cdb6ac5803\" data-token-time=\"1778665633\"><noscript class=\"wpforms-error-noscript\">Bitte aktiviere JavaScript in deinem Browser, um dieses Formular fertigzustellen.<\/noscript><div id=\"wpforms-error-noscript\" style=\"display: none;\">Bitte aktiviere JavaScript in deinem Browser, um dieses Formular fertigzustellen.<\/div><div class=\"wpforms-field-container\"><div id=\"wpforms-54-field_17-container\" class=\"wpforms-field wpforms-field-text\" data-field-id=\"17\"><label class=\"wpforms-field-label\" for=\"wpforms-54-field_17\">Name  <span class=\"wpforms-required-label\" aria-hidden=\"true\">*<\/span><\/label><input type=\"text\" id=\"wpforms-54-field_17\" class=\"wpforms-field-large wpforms-field-required\" name=\"wpforms[fields][17]\" placeholder=\"Vorname, Nachname\" aria-errormessage=\"wpforms-54-field_17-error\" required><\/div><div id=\"wpforms-54-field_10-container\" class=\"wpforms-field wpforms-field-text wpforms-one-half wpforms-first company\" data-field-id=\"10\"><label class=\"wpforms-field-label\" for=\"wpforms-54-field_10\">Firma <span class=\"wpforms-required-label\" aria-hidden=\"true\">*<\/span><\/label><input type=\"text\" id=\"wpforms-54-field_10\" class=\"wpforms-field-large wpforms-field-required\" name=\"wpforms[fields][10]\" placeholder=\"Firmenname\" aria-errormessage=\"wpforms-54-field_10-error\" required><\/div><div id=\"wpforms-54-field_1-container\" class=\"wpforms-field wpforms-field-email wpforms-one-half wpforms-first\" data-field-id=\"1\"><label class=\"wpforms-field-label\" for=\"wpforms-54-field_1\">Email <span class=\"wpforms-required-label\" aria-hidden=\"true\">*<\/span><\/label><input type=\"email\" id=\"wpforms-54-field_1\" class=\"wpforms-field-large wpforms-field-required\" name=\"wpforms[fields][1]\" placeholder=\"Email\" spellcheck=\"false\" aria-errormessage=\"wpforms-54-field_1-error\" required><\/div><div id=\"wpforms-54-field_3-container\" class=\"wpforms-field wpforms-field-text wpforms-one-half\" data-field-id=\"3\"><label class=\"wpforms-field-label\" for=\"wpforms-54-field_3\">Telefon<\/label><input type=\"text\" id=\"wpforms-54-field_3\" class=\"wpforms-field-large\" name=\"wpforms[fields][3]\" placeholder=\"+41 79 123 45 67\" aria-errormessage=\"wpforms-54-field_3-error\" ><\/div><div id=\"wpforms-54-field_2-container\" class=\"wpforms-field wpforms-field-textarea\" data-field-id=\"2\"><label class=\"wpforms-field-label\" for=\"wpforms-54-field_2\">Nachricht <span class=\"wpforms-required-label\" aria-hidden=\"true\">*<\/span><\/label><textarea id=\"wpforms-54-field_2\" class=\"wpforms-field-medium wpforms-field-required\" name=\"wpforms[fields][2]\" placeholder=\"Wie k\u00f6nnen wir behilflich sein?\" aria-errormessage=\"wpforms-54-field_2-error\" required><\/textarea><\/div><div id=\"wpforms-54-field_14-container\" class=\"wpforms-field wpforms-field-gdpr-checkbox\" data-field-id=\"14\"><label class=\"wpforms-field-label wpforms-label-hide\" aria-hidden=\"false\">DSGVO <span class=\"wpforms-required-label\" aria-hidden=\"true\">*<\/span><\/label><ul id=\"wpforms-54-field_14\" class=\"wpforms-field-required\"><li class=\"choice-1\"><input type=\"checkbox\" id=\"wpforms-54-field_14_1\" name=\"wpforms[fields][14][]\" value=\"Ich stimme zu, dass diese Website meine Informationen speichert, um auf meine Anfrage zu antworten.\" aria-errormessage=\"wpforms-54-field_14_1-error\" required ><label class=\"wpforms-field-label-inline\" for=\"wpforms-54-field_14_1\">Ich stimme zu, dass diese Website meine Informationen speichert, um auf meine Anfrage zu antworten. <span class=\"wpforms-required-label\" aria-hidden=\"true\">*<\/span><\/label><\/li><\/ul><\/div><\/div><!-- .wpforms-field-container --><div class=\"wpforms-submit-container\" ><input type=\"hidden\" name=\"wpforms[id]\" value=\"54\"><input type=\"hidden\" name=\"page_title\" value=\"\"><input type=\"hidden\" name=\"page_url\" value=\"https:\/\/originscapital.ch\/de\/wp-json\/wp\/v2\/pages\/252600\"><input type=\"hidden\" name=\"url_referer\" value=\"\"><button type=\"submit\" name=\"wpforms[submit]\" id=\"wpforms-submit-54\" class=\"wpforms-submit contactformbutton\" data-alt-text=\"Am senden\" data-submit-text=\"Senden\" aria-live=\"assertive\" value=\"wpforms-submit\">Senden<\/button><\/div><\/form><\/div>  <!-- .wpforms-container -->[\/et_pb_code][\/et_pb_column][\/et_pb_row][\/et_pb_section]<\/p>\n","protected":false},"excerpt":{"rendered":"<p>Kontaktieren Sie uns! Gerne sind wir f\u00fcr Sie da und beantworten Ihre Fragen.Nutzen Sie das untenstehende Kontaktformular oder kontaktieren Sie uns direkt per E-Mail oder besuchen Sie uns in unserem B\u00fcro. Origins Capital GmbH B\u00fcro: Limmatquai 4, 8001 Zurich, Switzerland Email: info@originscapital.ch Auf Google Maps \u00f6ffnen \u2197<style id=\"wpforms-css-vars-54\">\n\t\t\t\t#wpforms-54 {\n\t\t\t\t\n\t\t\t}\n\t\t\t<\/style><div class=\"wpforms-container wpforms-container-full contactform wpforms-render-modern\" id=\"wpforms-54\"><form id=\"wpforms-form-54\" class=\"wpforms-validate wpforms-form\" data-formid=\"54\" method=\"post\" enctype=\"multipart\/form-data\" action=\"\/de\/wp-json\/wp\/v2\/pages\/252600\" data-token=\"42225dcc9d7d0a167b1dc6cdb6ac5803\" data-token-time=\"1778665633\"><noscript class=\"wpforms-error-noscript\">Bitte aktiviere JavaScript in deinem Browser, um dieses Formular fertigzustellen.<\/noscript><div id=\"wpforms-error-noscript\" style=\"display: none;\">Bitte aktiviere JavaScript in deinem Browser, um dieses Formular fertigzustellen.<\/div><div class=\"wpforms-field-container\"><div id=\"wpforms-54-field_17-container\" class=\"wpforms-field wpforms-field-text\" data-field-id=\"17\"><label class=\"wpforms-field-label\" for=\"wpforms-54-field_17\">Name  <span class=\"wpforms-required-label\" aria-hidden=\"true\">*<\/span><\/label><input type=\"text\" id=\"wpforms-54-field_17\" class=\"wpforms-field-large wpforms-field-required\" name=\"wpforms[fields][17]\" placeholder=\"Vorname, Nachname\" aria-errormessage=\"wpforms-54-field_17-error\" required><\/div><div id=\"wpforms-54-field_10-container\" class=\"wpforms-field wpforms-field-text wpforms-one-half wpforms-first company\" data-field-id=\"10\"><label class=\"wpforms-field-label\" for=\"wpforms-54-field_10\">Firma <span class=\"wpforms-required-label\" aria-hidden=\"true\">*<\/span><\/label><input type=\"text\" id=\"wpforms-54-field_10\" class=\"wpforms-field-large wpforms-field-required\" name=\"wpforms[fields][10]\" placeholder=\"Firmenname\" aria-errormessage=\"wpforms-54-field_10-error\" required><\/div><div id=\"wpforms-54-field_1-container\" class=\"wpforms-field wpforms-field-email wpforms-one-half wpforms-first\" data-field-id=\"1\"><label class=\"wpforms-field-label\" for=\"wpforms-54-field_1\">Email <span class=\"wpforms-required-label\" aria-hidden=\"true\">*<\/span><\/label><input type=\"email\" id=\"wpforms-54-field_1\" class=\"wpforms-field-large wpforms-field-required\" name=\"wpforms[fields][1]\" placeholder=\"Email\" spellcheck=\"false\" aria-errormessage=\"wpforms-54-field_1-error\" required><\/div><div id=\"wpforms-54-field_3-container\" class=\"wpforms-field wpforms-field-text wpforms-one-half\" data-field-id=\"3\"><label class=\"wpforms-field-label\" for=\"wpforms-54-field_3\">Telefon<\/label><input type=\"text\" id=\"wpforms-54-field_3\" class=\"wpforms-field-large\" name=\"wpforms[fields][3]\" placeholder=\"+41 79 123 45 67\" aria-errormessage=\"wpforms-54-field_3-error\" ><\/div><div id=\"wpforms-54-field_2-container\" class=\"wpforms-field wpforms-field-textarea\" data-field-id=\"2\"><label class=\"wpforms-field-label\" for=\"wpforms-54-field_2\">Nachricht <span class=\"wpforms-required-label\" aria-hidden=\"true\">*<\/span><\/label><textarea id=\"wpforms-54-field_2\" class=\"wpforms-field-medium wpforms-field-required\" name=\"wpforms[fields][2]\" placeholder=\"Wie k\u00f6nnen wir behilflich sein?\" aria-errormessage=\"wpforms-54-field_2-error\" required><\/textarea><\/div><div id=\"wpforms-54-field_14-container\" class=\"wpforms-field wpforms-field-gdpr-checkbox\" data-field-id=\"14\"><label class=\"wpforms-field-label wpforms-label-hide\" aria-hidden=\"false\">DSGVO <span class=\"wpforms-required-label\" aria-hidden=\"true\">*<\/span><\/label><ul id=\"wpforms-54-field_14\" class=\"wpforms-field-required\"><li class=\"choice-1\"><input type=\"checkbox\" id=\"wpforms-54-field_14_1\" name=\"wpforms[fields][14][]\" value=\"Ich stimme zu, dass diese Website meine Informationen speichert, um auf meine Anfrage zu antworten.\" aria-errormessage=\"wpforms-54-field_14_1-error\" required ><label class=\"wpforms-field-label-inline\" for=\"wpforms-54-field_14_1\">Ich stimme zu, dass diese Website meine Informationen speichert, um auf meine Anfrage zu antworten. <span class=\"wpforms-required-label\" aria-hidden=\"true\">*<\/span><\/label><\/li><\/ul><\/div><\/div><!-- .wpforms-field-container --><div class=\"wpforms-submit-container\" ><input type=\"hidden\" name=\"wpforms[id]\" value=\"54\"><input type=\"hidden\" name=\"page_title\" value=\"\"><input type=\"hidden\" name=\"page_url\" value=\"https:\/\/originscapital.ch\/de\/wp-json\/wp\/v2\/pages\/252600\"><input type=\"hidden\" name=\"url_referer\" value=\"\"><button type=\"submit\" name=\"wpforms[submit]\" id=\"wpforms-submit-54\" class=\"wpforms-submit contactformbutton\" data-alt-text=\"Am senden\" data-submit-text=\"Senden\" aria-live=\"assertive\" value=\"wpforms-submit\">Senden<\/button><\/div><\/form><\/div>  <!-- .wpforms-container --><\/p>\n","protected":false},"author":1,"featured_media":0,"parent":0,"menu_order":0,"comment_status":"closed","ping_status":"closed","template":"","meta":{"_et_pb_use_builder":"on","_et_pb_old_content":"","_et_gb_content_width":"","footnotes":""},"class_list":["post-252600","page","type-page","status-publish","hentry"],"yoast_head":"<!-- This site is optimized with the Yoast SEO plugin v27.0 - https:\/\/yoast.com\/product\/yoast-seo-wordpress\/ -->\n<title>Kontakt - Origins Capital GmbH<\/title>\n<meta name=\"robots\" content=\"index, follow, max-snippet:-1, max-image-preview:large, max-video-preview:-1\" \/>\n<link rel=\"canonical\" href=\"https:\/\/originscapital.ch\/de\/kontakt\/\" \/>\n<meta property=\"og:locale\" content=\"de_DE\" \/>\n<meta property=\"og:type\" content=\"article\" \/>\n<meta property=\"og:title\" content=\"Kontakt - Origins Capital GmbH\" \/>\n<meta property=\"og:description\" content=\"Kontaktieren Sie uns! Gerne sind wir f\u00fcr Sie da und beantworten Ihre Fragen.Nutzen Sie das untenstehende Kontaktformular oder kontaktieren Sie uns direkt per E-Mail oder besuchen Sie uns in unserem B\u00fcro. Origins Capital GmbH B\u00fcro: Limmatquai 4, 8001 Zurich, Switzerland Email: info@originscapital.ch Auf Google Maps \u00f6ffnen \u2197\" \/>\n<meta property=\"og:url\" content=\"https:\/\/originscapital.ch\/de\/kontakt\/\" \/>\n<meta property=\"og:site_name\" content=\"Origins Capital GmbH\" \/>\n<meta property=\"article:modified_time\" content=\"2025-04-09T11:03:36+00:00\" \/>\n<meta name=\"twitter:card\" content=\"summary_large_image\" \/>\n<meta name=\"twitter:label1\" content=\"Gesch\u00e4tzte Lesezeit\" \/>\n\t<meta name=\"twitter:data1\" content=\"4\u00a0Minuten\" \/>\n<script type=\"application\/ld+json\" class=\"yoast-schema-graph\">{\"@context\":\"https:\/\/schema.org\",\"@graph\":[{\"@type\":\"WebPage\",\"@id\":\"https:\/\/originscapital.ch\/de\/kontakt\/\",\"url\":\"https:\/\/originscapital.ch\/de\/kontakt\/\",\"name\":\"Kontakt - Origins Capital GmbH\",\"isPartOf\":{\"@id\":\"https:\/\/originscapital.ch\/#website\"},\"datePublished\":\"2024-12-04T13:40:29+00:00\",\"dateModified\":\"2025-04-09T11:03:36+00:00\",\"breadcrumb\":{\"@id\":\"https:\/\/originscapital.ch\/de\/kontakt\/#breadcrumb\"},\"inLanguage\":\"de\",\"potentialAction\":[{\"@type\":\"ReadAction\",\"target\":[\"https:\/\/originscapital.ch\/de\/kontakt\/\"]}]},{\"@type\":\"BreadcrumbList\",\"@id\":\"https:\/\/originscapital.ch\/de\/kontakt\/#breadcrumb\",\"itemListElement\":[{\"@type\":\"ListItem\",\"position\":1,\"name\":\"Home\",\"item\":\"https:\/\/originscapital.ch\/de\/\"},{\"@type\":\"ListItem\",\"position\":2,\"name\":\"Kontakt\"}]},{\"@type\":\"WebSite\",\"@id\":\"https:\/\/originscapital.ch\/#website\",\"url\":\"https:\/\/originscapital.ch\/\",\"name\":\"Origins Capital GmbH\",\"description\":\"Providing Financial Investment and Advice in Investment Processes, Sustainable Investment Approach, Risk Management, Asset Allocation and Governance.\",\"publisher\":{\"@id\":\"https:\/\/originscapital.ch\/#organization\"},\"potentialAction\":[{\"@type\":\"SearchAction\",\"target\":{\"@type\":\"EntryPoint\",\"urlTemplate\":\"https:\/\/originscapital.ch\/?s={search_term_string}\"},\"query-input\":{\"@type\":\"PropertyValueSpecification\",\"valueRequired\":true,\"valueName\":\"search_term_string\"}}],\"inLanguage\":\"de\"},{\"@type\":\"Organization\",\"@id\":\"https:\/\/originscapital.ch\/#organization\",\"name\":\"Origins Capital GmbH\",\"url\":\"https:\/\/originscapital.ch\/\",\"logo\":{\"@type\":\"ImageObject\",\"inLanguage\":\"de\",\"@id\":\"https:\/\/originscapital.ch\/#\/schema\/logo\/image\/\",\"url\":\"https:\/\/originscapital.ch\/wp-content\/uploads\/2024\/12\/BlackLogoWhiteBackgroud.jpeg\",\"contentUrl\":\"https:\/\/originscapital.ch\/wp-content\/uploads\/2024\/12\/BlackLogoWhiteBackgroud.jpeg\",\"width\":1600,\"height\":186,\"caption\":\"Origins Capital GmbH\"},\"image\":{\"@id\":\"https:\/\/originscapital.ch\/#\/schema\/logo\/image\/\"},\"sameAs\":[\"https:\/\/www.linkedin.com\/company\/origins-capital-gmbh\"]}]}<\/script>\n<!-- \/ Yoast SEO plugin. -->","yoast_head_json":{"title":"Kontakt - Origins Capital GmbH","robots":{"index":"index","follow":"follow","max-snippet":"max-snippet:-1","max-image-preview":"max-image-preview:large","max-video-preview":"max-video-preview:-1"},"canonical":"https:\/\/originscapital.ch\/de\/kontakt\/","og_locale":"de_DE","og_type":"article","og_title":"Kontakt - Origins Capital GmbH","og_description":"Kontaktieren Sie uns! Gerne sind wir f\u00fcr Sie da und beantworten Ihre Fragen.Nutzen Sie das untenstehende Kontaktformular oder kontaktieren Sie uns direkt per E-Mail oder besuchen Sie uns in unserem B\u00fcro. Origins Capital GmbH B\u00fcro: Limmatquai 4, 8001 Zurich, Switzerland Email: info@originscapital.ch Auf Google Maps \u00f6ffnen \u2197","og_url":"https:\/\/originscapital.ch\/de\/kontakt\/","og_site_name":"Origins Capital GmbH","article_modified_time":"2025-04-09T11:03:36+00:00","twitter_card":"summary_large_image","twitter_misc":{"Gesch\u00e4tzte Lesezeit":"4\u00a0Minuten"},"schema":{"@context":"https:\/\/schema.org","@graph":[{"@type":"WebPage","@id":"https:\/\/originscapital.ch\/de\/kontakt\/","url":"https:\/\/originscapital.ch\/de\/kontakt\/","name":"Kontakt - Origins Capital GmbH","isPartOf":{"@id":"https:\/\/originscapital.ch\/#website"},"datePublished":"2024-12-04T13:40:29+00:00","dateModified":"2025-04-09T11:03:36+00:00","breadcrumb":{"@id":"https:\/\/originscapital.ch\/de\/kontakt\/#breadcrumb"},"inLanguage":"de","potentialAction":[{"@type":"ReadAction","target":["https:\/\/originscapital.ch\/de\/kontakt\/"]}]},{"@type":"BreadcrumbList","@id":"https:\/\/originscapital.ch\/de\/kontakt\/#breadcrumb","itemListElement":[{"@type":"ListItem","position":1,"name":"Home","item":"https:\/\/originscapital.ch\/de\/"},{"@type":"ListItem","position":2,"name":"Kontakt"}]},{"@type":"WebSite","@id":"https:\/\/originscapital.ch\/#website","url":"https:\/\/originscapital.ch\/","name":"Origins Capital GmbH","description":"Providing Financial Investment and Advice in Investment Processes, Sustainable Investment Approach, Risk Management, Asset Allocation and Governance.","publisher":{"@id":"https:\/\/originscapital.ch\/#organization"},"potentialAction":[{"@type":"SearchAction","target":{"@type":"EntryPoint","urlTemplate":"https:\/\/originscapital.ch\/?s={search_term_string}"},"query-input":{"@type":"PropertyValueSpecification","valueRequired":true,"valueName":"search_term_string"}}],"inLanguage":"de"},{"@type":"Organization","@id":"https:\/\/originscapital.ch\/#organization","name":"Origins Capital GmbH","url":"https:\/\/originscapital.ch\/","logo":{"@type":"ImageObject","inLanguage":"de","@id":"https:\/\/originscapital.ch\/#\/schema\/logo\/image\/","url":"https:\/\/originscapital.ch\/wp-content\/uploads\/2024\/12\/BlackLogoWhiteBackgroud.jpeg","contentUrl":"https:\/\/originscapital.ch\/wp-content\/uploads\/2024\/12\/BlackLogoWhiteBackgroud.jpeg","width":1600,"height":186,"caption":"Origins Capital GmbH"},"image":{"@id":"https:\/\/originscapital.ch\/#\/schema\/logo\/image\/"},"sameAs":["https:\/\/www.linkedin.com\/company\/origins-capital-gmbh"]}]}},"_links":{"self":[{"href":"https:\/\/originscapital.ch\/de\/wp-json\/wp\/v2\/pages\/252600","targetHints":{"allow":["GET"]}}],"collection":[{"href":"https:\/\/originscapital.ch\/de\/wp-json\/wp\/v2\/pages"}],"about":[{"href":"https:\/\/originscapital.ch\/de\/wp-json\/wp\/v2\/types\/page"}],"author":[{"embeddable":true,"href":"https:\/\/originscapital.ch\/de\/wp-json\/wp\/v2\/users\/1"}],"replies":[{"embeddable":true,"href":"https:\/\/originscapital.ch\/de\/wp-json\/wp\/v2\/comments?post=252600"}],"version-history":[{"count":4,"href":"https:\/\/originscapital.ch\/de\/wp-json\/wp\/v2\/pages\/252600\/revisions"}],"predecessor-version":[{"id":252975,"href":"https:\/\/originscapital.ch\/de\/wp-json\/wp\/v2\/pages\/252600\/revisions\/252975"}],"wp:attachment":[{"href":"https:\/\/originscapital.ch\/de\/wp-json\/wp\/v2\/media?parent=252600"}],"curies":[{"name":"wp","href":"https:\/\/api.w.org\/{rel}","templated":true}]}}