{"id":252644,"date":"2025-01-09T18:36:41","date_gmt":"2025-01-09T17:36:41","guid":{"rendered":"https:\/\/originscapital.ch\/datenschutzerklaerung\/"},"modified":"2025-01-26T11:48:17","modified_gmt":"2025-01-26T10:48:17","slug":"datenschutzerklaerung","status":"publish","type":"page","link":"https:\/\/originscapital.ch\/de\/datenschutzerklaerung\/","title":{"rendered":"Datenschutzerkl\u00e4rung"},"content":{"rendered":"<p>[et_pb_section fb_built=&#8220;1&#8243; module_class=&#8220;legal policy_section&#8220; _builder_version=&#8220;4.27.3&#8243; _module_preset=&#8220;default&#8220; global_colors_info=&#8220;{}&#8220;][et_pb_row module_class=&#8220;legal&#8220; _builder_version=&#8220;4.27.3&#8243; _module_preset=&#8220;default&#8220; global_colors_info=&#8220;{}&#8220;][et_pb_column type=&#8220;4_4&#8243; _builder_version=&#8220;4.27.3&#8243; _module_preset=&#8220;default&#8220; global_colors_info=&#8220;{}&#8220;][et_pb_text _builder_version=&#8220;4.27.4&#8243; _module_preset=&#8220;default&#8220; hover_enabled=&#8220;0&#8243; global_colors_info=&#8220;{}&#8220; content_last_edited=&#8220;on|phone&#8220; sticky_enabled=&#8220;0&#8243; content_phone=&#8220;<\/p>\n<p><span class=%22highlight-text header-title%22>Datenschutz-erkl\u00e4rung<\/span><br \/>Der Schutz Ihrer Privatsph\u00e4re hat f\u00fcr uns h\u00f6chste Priorit\u00e4t. Auf dieser Seite erkl\u00e4ren wir, wie die \u00fcber diese Website originscapital.ch erhobenen personenbezogenen Daten behandelt werden.<\/p>\n<h4 class=%22policy%22>Wer sind wir?<\/h4>\n<p>Wir sind die Origins Capital GmbH, ein Beratungs- und Investitionsunternehmen mit Sitz in der Kesslerstrasse 4, Zollikon, Schweiz.<\/p>\n<h4 class=%22policy%22>Welche Informationen werden gespeichert?<\/h4>\n<p>Wir speichern Benutzereingaben, die \u00fcber die Kontaktformulare auf dieser Website gesendet werden, zusammen mit Metainformationen zu den \u00dcbermittlungen, wie Zeitstempel, IP-Adresse des Ursprungs und Benutzeragent (Browser). Ausserdem k\u00f6nnen verbundene Drittanbieterdienste, wie z. B. LinkedIn, Informationen \u00fcber Website-Besucher sammeln.<\/p>\n<h4 class=%22policy%22>Wohin gehen die Informationen?<\/h4>\n<p>Wir verwenden das WP Forms Plugin, um unsere Kontaktformular-\u00dcbermittlungen zu verwalten. Die Informationen werden als E-Mail-Nachricht gesendet, die sicher gespeichert und nur f\u00fcr unsere Mitarbeiter zug\u00e4nglich ist. Die Informationen werden au\u00dferdem sicher in der Datenbank unseres Hosting-Servers f\u00fcr Sicherungs- und Referenzzwecke gespeichert. Die Website wird von GoDaddy gehostet.<\/p>\n<h4 class=%22policy%22>Wie lange werden die Informationen gespeichert?<\/h4>\n<p>Wir setzen keine bestimmte Frist f\u00fcr die Speicherung der Informationen. Wenn Sie m\u00f6chten, dass Ihre Daten aus unserer Datenbank entfernt werden, kontaktieren Sie uns bitte. Wir werden die Informationen jederzeit entfernen, falls Sie Datenschutzbedenken haben.<\/p>\n<h4 class=%22policy%22>Werden die Informationen mit anderen Parteien geteilt?<\/h4>\n<p>Nein, wir teilen Ihre Informationen nicht mit Dritten. Wir verwenden jedoch einige WordPress-Plugins auf dieser Website, die m\u00f6glicherweise Daten an externe Server zur Verarbeitung weiterleiten. Wir verwenden ausschliesslich WordPress-Plugins, die auf WordPress.org gehostet werden. Die Richtlinien von WordPress.org untersagen ausdr\u00fccklich das Nachverfolgen von Benutzern ohne deren ausdr\u00fcckliche, informierte Zustimmung.<\/p>\n<p>&#8220; content_tablet=&#8220;<\/p>\n<p><span class=%22highlight-text header-title%22>Datenschutzerkl\u00e4rung<\/span><br \/>Der Schutz Ihrer Privatsph\u00e4re hat f\u00fcr uns h\u00f6chste Priorit\u00e4t. Auf dieser Seite erkl\u00e4ren wir, wie die \u00fcber diese Website originscapital.ch erhobenen personenbezogenen Daten behandelt werden.<\/p>\n<h4 class=%22policy%22>Wer sind wir?<\/h4>\n<p>Wir sind die Origins Capital GmbH, ein Beratungs- und Investitionsunternehmen mit Sitz in der Kesslerstrasse 4, Zollikon, Schweiz.<\/p>\n<h4 class=%22policy%22>Welche Informationen werden gespeichert?<\/h4>\n<p>Wir speichern Benutzereingaben, die \u00fcber die Kontaktformulare auf dieser Website gesendet werden, zusammen mit Metainformationen zu den \u00dcbermittlungen, wie Zeitstempel, IP-Adresse des Ursprungs und Benutzeragent (Browser). Ausserdem k\u00f6nnen verbundene Drittanbieterdienste, wie z. B. LinkedIn, Informationen \u00fcber Website-Besucher sammeln.<\/p>\n<h4 class=%22policy%22>Wohin gehen die Informationen?<\/h4>\n<p>Wir verwenden das WP Forms Plugin, um unsere Kontaktformular-\u00dcbermittlungen zu verwalten. Die Informationen werden als E-Mail-Nachricht gesendet, die sicher gespeichert und nur f\u00fcr unsere Mitarbeiter zug\u00e4nglich ist. Die Informationen werden au\u00dferdem sicher in der Datenbank unseres Hosting-Servers f\u00fcr Sicherungs- und Referenzzwecke gespeichert. Die Website wird von GoDaddy gehostet.<\/p>\n<h4 class=%22policy%22>Wie lange werden die Informationen gespeichert?<\/h4>\n<p>Wir setzen keine bestimmte Frist f\u00fcr die Speicherung der Informationen. Wenn Sie m\u00f6chten, dass Ihre Daten aus unserer Datenbank entfernt werden, kontaktieren Sie uns bitte. Wir werden die Informationen jederzeit entfernen, falls Sie Datenschutzbedenken haben.<\/p>\n<h4 class=%22policy%22>Werden die Informationen mit anderen Parteien geteilt?<\/h4>\n<p>Nein, wir teilen Ihre Informationen nicht mit Dritten. Wir verwenden jedoch einige WordPress-Plugins auf dieser Website, die m\u00f6glicherweise Daten an externe Server zur Verarbeitung weiterleiten. Wir verwenden ausschliesslich WordPress-Plugins, die auf WordPress.org gehostet werden. Die Richtlinien von WordPress.org untersagen ausdr\u00fccklich das Nachverfolgen von Benutzern ohne deren ausdr\u00fcckliche, informierte Zustimmung.<\/p>\n<p>&#8222;]<\/p>\n<p><span class=\"highlight-text header-title\">Datenschutzerkl\u00e4rung<\/span><br \/>Der Schutz Ihrer Privatsph\u00e4re hat f\u00fcr uns h\u00f6chste Priorit\u00e4t. Auf dieser Seite erkl\u00e4ren wir, wie die \u00fcber diese Website originscapital.ch erhobenen personenbezogenen Daten behandelt werden.<\/p>\n<h4 class=\"policy\">Wer sind wir?<\/h4>\n<p>Wir sind die Origins Capital GmbH, ein Beratungs- und Investitionsunternehmen mit Sitz in der Kesslerstrasse 4, Zollikon, Schweiz.<\/p>\n<h4 class=\"policy\">Welche Informationen werden gespeichert?<\/h4>\n<p>Wir speichern Benutzereingaben, die \u00fcber die Kontaktformulare auf dieser Website gesendet werden, zusammen mit Metainformationen zu den \u00dcbermittlungen, wie Zeitstempel, IP-Adresse des Ursprungs und Benutzeragent (Browser). Ausserdem k\u00f6nnen verbundene Drittanbieterdienste, wie z. B. LinkedIn, Informationen \u00fcber Website-Besucher sammeln.<\/p>\n<h4 class=\"policy\">Wohin gehen die Informationen?<\/h4>\n<p>Wir verwenden das WP Forms Plugin, um unsere Kontaktformular-\u00dcbermittlungen zu verwalten. Die Informationen werden als E-Mail-Nachricht gesendet, die sicher gespeichert und nur f\u00fcr unsere Mitarbeiter zug\u00e4nglich ist. Die Informationen werden au\u00dferdem sicher in der Datenbank unseres Hosting-Servers f\u00fcr Sicherungs- und Referenzzwecke gespeichert. Die Website wird von GoDaddy gehostet.<\/p>\n<h4 class=\"policy\">Wie lange werden die Informationen gespeichert?<\/h4>\n<p>Wir setzen keine bestimmte Frist f\u00fcr die Speicherung der Informationen. Wenn Sie m\u00f6chten, dass Ihre Daten aus unserer Datenbank entfernt werden, kontaktieren Sie uns bitte. Wir werden die Informationen jederzeit entfernen, falls Sie Datenschutzbedenken haben.<\/p>\n<h4 class=\"policy\">Werden die Informationen mit anderen Parteien geteilt?<\/h4>\n<p>Nein, wir teilen Ihre Informationen nicht mit Dritten. Wir verwenden jedoch einige WordPress-Plugins auf dieser Website, die m\u00f6glicherweise Daten an externe Server zur Verarbeitung weiterleiten. Wir verwenden ausschliesslich WordPress-Plugins, die auf WordPress.org gehostet werden. Die Richtlinien von WordPress.org untersagen ausdr\u00fccklich das Nachverfolgen von Benutzern ohne deren ausdr\u00fcckliche, informierte Zustimmung.<\/p>\n<p>[\/et_pb_text][\/et_pb_column][\/et_pb_row][\/et_pb_section]<\/p>\n","protected":false},"excerpt":{"rendered":"<p>Datenschutzerkl\u00e4rungDer Schutz Ihrer Privatsph\u00e4re hat f\u00fcr uns h\u00f6chste Priorit\u00e4t. Auf dieser Seite erkl\u00e4ren wir, wie die \u00fcber diese Website originscapital.ch erhobenen personenbezogenen Daten behandelt werden. Wer sind wir? Wir sind die Origins Capital GmbH, ein Beratungs- und Investitionsunternehmen mit Sitz in der Kesslerstrasse 4, Zollikon, Schweiz. Welche Informationen werden gespeichert? Wir speichern Benutzereingaben, die \u00fcber [&hellip;]<\/p>\n","protected":false},"author":2,"featured_media":0,"parent":0,"menu_order":0,"comment_status":"closed","ping_status":"closed","template":"","meta":{"_et_pb_use_builder":"on","_et_pb_old_content":"","_et_gb_content_width":"","footnotes":""},"class_list":["post-252644","page","type-page","status-publish","hentry"],"yoast_head":"<!-- This site is optimized with the Yoast SEO plugin v27.0 - https:\/\/yoast.com\/product\/yoast-seo-wordpress\/ -->\n<title>Datenschutzerkl\u00e4rung - Origins Capital GmbH<\/title>\n<meta name=\"robots\" content=\"index, follow, max-snippet:-1, max-image-preview:large, max-video-preview:-1\" \/>\n<link rel=\"canonical\" href=\"https:\/\/originscapital.ch\/de\/datenschutzerklaerung\/\" \/>\n<meta property=\"og:locale\" content=\"de_DE\" \/>\n<meta property=\"og:type\" content=\"article\" \/>\n<meta property=\"og:title\" content=\"Datenschutzerkl\u00e4rung - Origins Capital GmbH\" \/>\n<meta property=\"og:description\" content=\"Datenschutzerkl\u00e4rungDer Schutz Ihrer Privatsph\u00e4re hat f\u00fcr uns h\u00f6chste Priorit\u00e4t. Auf dieser Seite erkl\u00e4ren wir, wie die \u00fcber diese Website originscapital.ch erhobenen personenbezogenen Daten behandelt werden. Wer sind wir? Wir sind die Origins Capital GmbH, ein Beratungs- und Investitionsunternehmen mit Sitz in der Kesslerstrasse 4, Zollikon, Schweiz. Welche Informationen werden gespeichert? Wir speichern Benutzereingaben, die \u00fcber [&hellip;]\" \/>\n<meta property=\"og:url\" content=\"https:\/\/originscapital.ch\/de\/datenschutzerklaerung\/\" \/>\n<meta property=\"og:site_name\" content=\"Origins Capital GmbH\" \/>\n<meta property=\"article:modified_time\" content=\"2025-01-26T10:48:17+00:00\" \/>\n<meta name=\"twitter:card\" content=\"summary_large_image\" \/>\n<meta name=\"twitter:label1\" content=\"Gesch\u00e4tzte Lesezeit\" \/>\n\t<meta name=\"twitter:data1\" content=\"4\u00a0Minuten\" \/>\n<script type=\"application\/ld+json\" class=\"yoast-schema-graph\">{\"@context\":\"https:\/\/schema.org\",\"@graph\":[{\"@type\":\"WebPage\",\"@id\":\"https:\/\/originscapital.ch\/de\/datenschutzerklaerung\/\",\"url\":\"https:\/\/originscapital.ch\/de\/datenschutzerklaerung\/\",\"name\":\"Datenschutzerkl\u00e4rung - Origins Capital GmbH\",\"isPartOf\":{\"@id\":\"https:\/\/originscapital.ch\/#website\"},\"datePublished\":\"2025-01-09T17:36:41+00:00\",\"dateModified\":\"2025-01-26T10:48:17+00:00\",\"breadcrumb\":{\"@id\":\"https:\/\/originscapital.ch\/de\/datenschutzerklaerung\/#breadcrumb\"},\"inLanguage\":\"de\",\"potentialAction\":[{\"@type\":\"ReadAction\",\"target\":[\"https:\/\/originscapital.ch\/de\/datenschutzerklaerung\/\"]}]},{\"@type\":\"BreadcrumbList\",\"@id\":\"https:\/\/originscapital.ch\/de\/datenschutzerklaerung\/#breadcrumb\",\"itemListElement\":[{\"@type\":\"ListItem\",\"position\":1,\"name\":\"Home\",\"item\":\"https:\/\/originscapital.ch\/de\/\"},{\"@type\":\"ListItem\",\"position\":2,\"name\":\"Datenschutzerkl\u00e4rung\"}]},{\"@type\":\"WebSite\",\"@id\":\"https:\/\/originscapital.ch\/#website\",\"url\":\"https:\/\/originscapital.ch\/\",\"name\":\"Origins Capital GmbH\",\"description\":\"Providing Financial Investment and Advice in Investment Processes, Sustainable Investment Approach, Risk Management, Asset Allocation and Governance.\",\"publisher\":{\"@id\":\"https:\/\/originscapital.ch\/#organization\"},\"potentialAction\":[{\"@type\":\"SearchAction\",\"target\":{\"@type\":\"EntryPoint\",\"urlTemplate\":\"https:\/\/originscapital.ch\/?s={search_term_string}\"},\"query-input\":{\"@type\":\"PropertyValueSpecification\",\"valueRequired\":true,\"valueName\":\"search_term_string\"}}],\"inLanguage\":\"de\"},{\"@type\":\"Organization\",\"@id\":\"https:\/\/originscapital.ch\/#organization\",\"name\":\"Origins Capital GmbH\",\"url\":\"https:\/\/originscapital.ch\/\",\"logo\":{\"@type\":\"ImageObject\",\"inLanguage\":\"de\",\"@id\":\"https:\/\/originscapital.ch\/#\/schema\/logo\/image\/\",\"url\":\"https:\/\/originscapital.ch\/wp-content\/uploads\/2024\/12\/BlackLogoWhiteBackgroud.jpeg\",\"contentUrl\":\"https:\/\/originscapital.ch\/wp-content\/uploads\/2024\/12\/BlackLogoWhiteBackgroud.jpeg\",\"width\":1600,\"height\":186,\"caption\":\"Origins Capital GmbH\"},\"image\":{\"@id\":\"https:\/\/originscapital.ch\/#\/schema\/logo\/image\/\"},\"sameAs\":[\"https:\/\/www.linkedin.com\/company\/origins-capital-gmbh\"]}]}<\/script>\n<!-- \/ Yoast SEO plugin. -->","yoast_head_json":{"title":"Datenschutzerkl\u00e4rung - Origins Capital GmbH","robots":{"index":"index","follow":"follow","max-snippet":"max-snippet:-1","max-image-preview":"max-image-preview:large","max-video-preview":"max-video-preview:-1"},"canonical":"https:\/\/originscapital.ch\/de\/datenschutzerklaerung\/","og_locale":"de_DE","og_type":"article","og_title":"Datenschutzerkl\u00e4rung - Origins Capital GmbH","og_description":"Datenschutzerkl\u00e4rungDer Schutz Ihrer Privatsph\u00e4re hat f\u00fcr uns h\u00f6chste Priorit\u00e4t. Auf dieser Seite erkl\u00e4ren wir, wie die \u00fcber diese Website originscapital.ch erhobenen personenbezogenen Daten behandelt werden. Wer sind wir? Wir sind die Origins Capital GmbH, ein Beratungs- und Investitionsunternehmen mit Sitz in der Kesslerstrasse 4, Zollikon, Schweiz. Welche Informationen werden gespeichert? Wir speichern Benutzereingaben, die \u00fcber [&hellip;]","og_url":"https:\/\/originscapital.ch\/de\/datenschutzerklaerung\/","og_site_name":"Origins Capital GmbH","article_modified_time":"2025-01-26T10:48:17+00:00","twitter_card":"summary_large_image","twitter_misc":{"Gesch\u00e4tzte Lesezeit":"4\u00a0Minuten"},"schema":{"@context":"https:\/\/schema.org","@graph":[{"@type":"WebPage","@id":"https:\/\/originscapital.ch\/de\/datenschutzerklaerung\/","url":"https:\/\/originscapital.ch\/de\/datenschutzerklaerung\/","name":"Datenschutzerkl\u00e4rung - Origins Capital GmbH","isPartOf":{"@id":"https:\/\/originscapital.ch\/#website"},"datePublished":"2025-01-09T17:36:41+00:00","dateModified":"2025-01-26T10:48:17+00:00","breadcrumb":{"@id":"https:\/\/originscapital.ch\/de\/datenschutzerklaerung\/#breadcrumb"},"inLanguage":"de","potentialAction":[{"@type":"ReadAction","target":["https:\/\/originscapital.ch\/de\/datenschutzerklaerung\/"]}]},{"@type":"BreadcrumbList","@id":"https:\/\/originscapital.ch\/de\/datenschutzerklaerung\/#breadcrumb","itemListElement":[{"@type":"ListItem","position":1,"name":"Home","item":"https:\/\/originscapital.ch\/de\/"},{"@type":"ListItem","position":2,"name":"Datenschutzerkl\u00e4rung"}]},{"@type":"WebSite","@id":"https:\/\/originscapital.ch\/#website","url":"https:\/\/originscapital.ch\/","name":"Origins Capital GmbH","description":"Providing Financial Investment and Advice in Investment Processes, Sustainable Investment Approach, Risk Management, Asset Allocation and Governance.","publisher":{"@id":"https:\/\/originscapital.ch\/#organization"},"potentialAction":[{"@type":"SearchAction","target":{"@type":"EntryPoint","urlTemplate":"https:\/\/originscapital.ch\/?s={search_term_string}"},"query-input":{"@type":"PropertyValueSpecification","valueRequired":true,"valueName":"search_term_string"}}],"inLanguage":"de"},{"@type":"Organization","@id":"https:\/\/originscapital.ch\/#organization","name":"Origins Capital GmbH","url":"https:\/\/originscapital.ch\/","logo":{"@type":"ImageObject","inLanguage":"de","@id":"https:\/\/originscapital.ch\/#\/schema\/logo\/image\/","url":"https:\/\/originscapital.ch\/wp-content\/uploads\/2024\/12\/BlackLogoWhiteBackgroud.jpeg","contentUrl":"https:\/\/originscapital.ch\/wp-content\/uploads\/2024\/12\/BlackLogoWhiteBackgroud.jpeg","width":1600,"height":186,"caption":"Origins Capital GmbH"},"image":{"@id":"https:\/\/originscapital.ch\/#\/schema\/logo\/image\/"},"sameAs":["https:\/\/www.linkedin.com\/company\/origins-capital-gmbh"]}]}},"_links":{"self":[{"href":"https:\/\/originscapital.ch\/de\/wp-json\/wp\/v2\/pages\/252644","targetHints":{"allow":["GET"]}}],"collection":[{"href":"https:\/\/originscapital.ch\/de\/wp-json\/wp\/v2\/pages"}],"about":[{"href":"https:\/\/originscapital.ch\/de\/wp-json\/wp\/v2\/types\/page"}],"author":[{"embeddable":true,"href":"https:\/\/originscapital.ch\/de\/wp-json\/wp\/v2\/users\/2"}],"replies":[{"embeddable":true,"href":"https:\/\/originscapital.ch\/de\/wp-json\/wp\/v2\/comments?post=252644"}],"version-history":[{"count":3,"href":"https:\/\/originscapital.ch\/de\/wp-json\/wp\/v2\/pages\/252644\/revisions"}],"predecessor-version":[{"id":252772,"href":"https:\/\/originscapital.ch\/de\/wp-json\/wp\/v2\/pages\/252644\/revisions\/252772"}],"wp:attachment":[{"href":"https:\/\/originscapital.ch\/de\/wp-json\/wp\/v2\/media?parent=252644"}],"curies":[{"name":"wp","href":"https:\/\/api.w.org\/{rel}","templated":true}]}}