{"id":252647,"date":"2025-01-09T18:28:17","date_gmt":"2025-01-09T17:28:17","guid":{"rendered":"https:\/\/originscapital.ch\/cookie-richtlinie\/"},"modified":"2025-05-14T16:56:36","modified_gmt":"2025-05-14T14:56:36","slug":"cookie-richtlinie","status":"publish","type":"page","link":"https:\/\/originscapital.ch\/de\/cookie-richtlinie\/","title":{"rendered":"Cookie-Richtlinie"},"content":{"rendered":"<p>[et_pb_section fb_built=&#8220;1&#8243; _builder_version=&#8220;4.27.3&#8243; _module_preset=&#8220;default&#8220; hover_enabled=&#8220;0&#8243; global_colors_info=&#8220;{}&#8220; sticky_enabled=&#8220;0&#8243; module_class=&#8220;legal policy_section&#8220;][et_pb_row module_class=&#8220;legal&#8220; _builder_version=&#8220;4.27.3&#8243; _module_preset=&#8220;default&#8220; hover_enabled=&#8220;0&#8243; global_colors_info=&#8220;{}&#8220; sticky_enabled=&#8220;0&#8243;][et_pb_column type=&#8220;4_4&#8243; _builder_version=&#8220;4.27.3&#8243; _module_preset=&#8220;default&#8220; global_colors_info=&#8220;{}&#8220;][et_pb_text _builder_version=&#8220;4.27.3&#8243; _module_preset=&#8220;default&#8220; hover_enabled=&#8220;0&#8243; global_colors_info=&#8220;{}&#8220; sticky_enabled=&#8220;0&#8243;]<\/p>\n<p><span class=\"highlight-text header-title\">Cookie-Richtlinie<\/span><\/p>\n<p>Diese Cookie-Richtlinie erkl\u00e4rt, was Cookies sind und wie wir sie verwenden, welche Arten von Cookies wir nutzen, d.h. welche Informationen wir mithilfe von Cookies sammeln und wie diese Informationen verwendet werden.<\/p>\n<p>Weitere Informationen dar\u00fcber, wie wir Ihre pers\u00f6nlichen Daten verwenden, speichern und sch\u00fctzen, finden Sie auch in unserer [Datenschutzerkl\u00e4rung].<\/p>\n<p>Ihre Einwilligung gilt f\u00fcr die folgenden Domains: www.originscapital.ch<\/p>\n<h4 class=\"policy\">Was sind Cookies?<\/h4>\n<p>Cookies sind kleine Textdateien, die verwendet werden, um kleine Informationsmengen zu speichern. Sie werden auf Ihrem Ger\u00e4t gespeichert, wenn die Website in Ihrem Browser geladen wird. Diese Cookies helfen uns dabei, die Website ordnungsgem\u00e4ss zu betreiben, sie sicherer zu machen, eine bessere Benutzererfahrung zu bieten und zu verstehen, wie die Website funktioniert, sowie zu analysieren, was funktioniert und wo Verbesserungen notwendig sind.<\/p>\n<h4 class=\"policy\">Wie verwenden wir Cookies?<\/h4>\n<p>Wie die meisten Online-Dienste verwendet unsere Website sowohl Erstanbieter- als auch Drittanbieter-Cookies f\u00fcr verschiedene Zwecke. Erstanbieter-Cookies: Diese Cookies sind haupts\u00e4chlich notwendig, damit die Website ordnungsgem\u00e4ss funktioniert. Sie sammeln keine personenbezogenen Daten.<\/p>\n<p>Drittanbieter-Cookies: Die auf unserer Website verwendeten Drittanbieter-Cookies dienen haupts\u00e4chlich dazu, zu verstehen, wie die Website funktioniert, wie Sie mit der Website interagieren, unsere Dienste sicher zu halten und Ihnen insgesamt eine bessere und optimierte Benutzererfahrung zu bieten. Sie helfen auch dabei, Ihre zuk\u00fcnftigen Interaktionen mit unserer Website zu beschleunigen.<\/p>\n<h4 class=\"policy\">Welche Arten von Cookies verwenden wir?<\/h4>\n<p><span class=\"subtitle\">Wesentlich: <\/span>Einige Cookies sind unerl\u00e4sslich, damit Sie die volle Funktionalit\u00e4t unserer Website erleben k\u00f6nnen. Sie erm\u00f6glichen es uns, Benutzersitzungen aufrechtzuerhalten und Sicherheitsbedrohungen zu verhindern. Diese Cookies sammeln oder speichern keine pers\u00f6nlichen Informationen.<\/p>\n<p><span class=\"subtitle\">Statistiken: <\/span>Diese Cookies speichern Informationen wie die Anzahl der Besucher auf der Website, die Anzahl der eindeutigen Besucher, welche Seiten der Website besucht wurden, die Quelle des Besuchs usw. Diese Daten helfen uns zu verstehen und zu analysieren, wie gut die Website funktioniert und wo Verbesserungen erforderlich sind.<\/p>\n<p>Die in diesen Cookies gespeicherten Informationen k\u00f6nnen auch von Drittanbietern verwendet werden, um Ihnen Werbung auf anderen Websites in Ihrem Browser anzuzeigen.<\/p>\n<p><span class=\"subtitle\">Funktional:<\/span> Diese Cookies unterst\u00fctzen bestimmte nicht wesentliche Funktionen auf unserer Website. <\/p>\n<p> Dazu geh\u00f6rt beispielsweise das Einbetten von Inhalten wie Videos oder das Teilen von Inhalten der Website auf sozialen Medien.<\/p>\n<p><span class=\"subtitle\">Pr\u00e4ferenzen: <\/span>Diese Cookies helfen uns, Ihre Einstellungen und Pr\u00e4ferenzen wie Spracheinstellungen zu speichern, damit Sie bei zuk\u00fcnftigen Besuchen der Website eine bessere und effizientere Erfahrung haben.<\/p>\n<p>[\/et_pb_text][\/et_pb_column][\/et_pb_row][\/et_pb_section]<\/p>\n","protected":false},"excerpt":{"rendered":"<p>Cookie-Richtlinie Diese Cookie-Richtlinie erkl\u00e4rt, was Cookies sind und wie wir sie verwenden, welche Arten von Cookies wir nutzen, d.h. welche Informationen wir mithilfe von Cookies sammeln und wie diese Informationen verwendet werden. Weitere Informationen dar\u00fcber, wie wir Ihre pers\u00f6nlichen Daten verwenden, speichern und sch\u00fctzen, finden Sie auch in unserer [Datenschutzerkl\u00e4rung]. Ihre Einwilligung gilt f\u00fcr die [&hellip;]<\/p>\n","protected":false},"author":2,"featured_media":0,"parent":0,"menu_order":0,"comment_status":"closed","ping_status":"closed","template":"","meta":{"_et_pb_use_builder":"on","_et_pb_old_content":"","_et_gb_content_width":"","footnotes":""},"class_list":["post-252647","page","type-page","status-publish","hentry"],"yoast_head":"<!-- This site is optimized with the Yoast SEO plugin v27.0 - https:\/\/yoast.com\/product\/yoast-seo-wordpress\/ -->\n<title>Cookie-Richtlinie - Origins Capital GmbH<\/title>\n<meta name=\"robots\" content=\"index, nofollow, max-snippet:-1, max-image-preview:large, max-video-preview:-1\" \/>\n<link rel=\"canonical\" href=\"https:\/\/originscapital.ch\/de\/cookie-richtlinie\/\" \/>\n<meta property=\"og:locale\" content=\"de_DE\" \/>\n<meta property=\"og:type\" content=\"article\" \/>\n<meta property=\"og:title\" content=\"Cookie-Richtlinie - Origins Capital GmbH\" \/>\n<meta property=\"og:description\" content=\"Cookie-Richtlinie Diese Cookie-Richtlinie erkl\u00e4rt, was Cookies sind und wie wir sie verwenden, welche Arten von Cookies wir nutzen, d.h. welche Informationen wir mithilfe von Cookies sammeln und wie diese Informationen verwendet werden. Weitere Informationen dar\u00fcber, wie wir Ihre pers\u00f6nlichen Daten verwenden, speichern und sch\u00fctzen, finden Sie auch in unserer [Datenschutzerkl\u00e4rung]. Ihre Einwilligung gilt f\u00fcr die [&hellip;]\" \/>\n<meta property=\"og:url\" content=\"https:\/\/originscapital.ch\/de\/cookie-richtlinie\/\" \/>\n<meta property=\"og:site_name\" content=\"Origins Capital GmbH\" \/>\n<meta property=\"article:modified_time\" content=\"2025-05-14T14:56:36+00:00\" \/>\n<meta name=\"twitter:card\" content=\"summary_large_image\" \/>\n<meta name=\"twitter:label1\" content=\"Gesch\u00e4tzte Lesezeit\" \/>\n\t<meta name=\"twitter:data1\" content=\"3\u00a0Minuten\" \/>\n<script type=\"application\/ld+json\" class=\"yoast-schema-graph\">{\"@context\":\"https:\/\/schema.org\",\"@graph\":[{\"@type\":\"WebPage\",\"@id\":\"https:\/\/originscapital.ch\/de\/cookie-richtlinie\/\",\"url\":\"https:\/\/originscapital.ch\/de\/cookie-richtlinie\/\",\"name\":\"Cookie-Richtlinie - Origins Capital GmbH\",\"isPartOf\":{\"@id\":\"https:\/\/originscapital.ch\/#website\"},\"datePublished\":\"2025-01-09T17:28:17+00:00\",\"dateModified\":\"2025-05-14T14:56:36+00:00\",\"breadcrumb\":{\"@id\":\"https:\/\/originscapital.ch\/de\/cookie-richtlinie\/#breadcrumb\"},\"inLanguage\":\"de\",\"potentialAction\":[{\"@type\":\"ReadAction\",\"target\":[\"https:\/\/originscapital.ch\/de\/cookie-richtlinie\/\"]}]},{\"@type\":\"BreadcrumbList\",\"@id\":\"https:\/\/originscapital.ch\/de\/cookie-richtlinie\/#breadcrumb\",\"itemListElement\":[{\"@type\":\"ListItem\",\"position\":1,\"name\":\"Home\",\"item\":\"https:\/\/originscapital.ch\/de\/\"},{\"@type\":\"ListItem\",\"position\":2,\"name\":\"Cookie-Richtlinie\"}]},{\"@type\":\"WebSite\",\"@id\":\"https:\/\/originscapital.ch\/#website\",\"url\":\"https:\/\/originscapital.ch\/\",\"name\":\"Origins Capital GmbH\",\"description\":\"Providing Financial Investment and Advice in Investment Processes, Sustainable Investment Approach, Risk Management, Asset Allocation and Governance.\",\"publisher\":{\"@id\":\"https:\/\/originscapital.ch\/#organization\"},\"potentialAction\":[{\"@type\":\"SearchAction\",\"target\":{\"@type\":\"EntryPoint\",\"urlTemplate\":\"https:\/\/originscapital.ch\/?s={search_term_string}\"},\"query-input\":{\"@type\":\"PropertyValueSpecification\",\"valueRequired\":true,\"valueName\":\"search_term_string\"}}],\"inLanguage\":\"de\"},{\"@type\":\"Organization\",\"@id\":\"https:\/\/originscapital.ch\/#organization\",\"name\":\"Origins Capital GmbH\",\"url\":\"https:\/\/originscapital.ch\/\",\"logo\":{\"@type\":\"ImageObject\",\"inLanguage\":\"de\",\"@id\":\"https:\/\/originscapital.ch\/#\/schema\/logo\/image\/\",\"url\":\"https:\/\/originscapital.ch\/wp-content\/uploads\/2024\/12\/BlackLogoWhiteBackgroud.jpeg\",\"contentUrl\":\"https:\/\/originscapital.ch\/wp-content\/uploads\/2024\/12\/BlackLogoWhiteBackgroud.jpeg\",\"width\":1600,\"height\":186,\"caption\":\"Origins Capital GmbH\"},\"image\":{\"@id\":\"https:\/\/originscapital.ch\/#\/schema\/logo\/image\/\"},\"sameAs\":[\"https:\/\/www.linkedin.com\/company\/origins-capital-gmbh\"]}]}<\/script>\n<!-- \/ Yoast SEO plugin. -->","yoast_head_json":{"title":"Cookie-Richtlinie - Origins Capital GmbH","robots":{"index":"index","follow":"nofollow","max-snippet":"max-snippet:-1","max-image-preview":"max-image-preview:large","max-video-preview":"max-video-preview:-1"},"canonical":"https:\/\/originscapital.ch\/de\/cookie-richtlinie\/","og_locale":"de_DE","og_type":"article","og_title":"Cookie-Richtlinie - Origins Capital GmbH","og_description":"Cookie-Richtlinie Diese Cookie-Richtlinie erkl\u00e4rt, was Cookies sind und wie wir sie verwenden, welche Arten von Cookies wir nutzen, d.h. welche Informationen wir mithilfe von Cookies sammeln und wie diese Informationen verwendet werden. Weitere Informationen dar\u00fcber, wie wir Ihre pers\u00f6nlichen Daten verwenden, speichern und sch\u00fctzen, finden Sie auch in unserer [Datenschutzerkl\u00e4rung]. Ihre Einwilligung gilt f\u00fcr die [&hellip;]","og_url":"https:\/\/originscapital.ch\/de\/cookie-richtlinie\/","og_site_name":"Origins Capital GmbH","article_modified_time":"2025-05-14T14:56:36+00:00","twitter_card":"summary_large_image","twitter_misc":{"Gesch\u00e4tzte Lesezeit":"3\u00a0Minuten"},"schema":{"@context":"https:\/\/schema.org","@graph":[{"@type":"WebPage","@id":"https:\/\/originscapital.ch\/de\/cookie-richtlinie\/","url":"https:\/\/originscapital.ch\/de\/cookie-richtlinie\/","name":"Cookie-Richtlinie - Origins Capital GmbH","isPartOf":{"@id":"https:\/\/originscapital.ch\/#website"},"datePublished":"2025-01-09T17:28:17+00:00","dateModified":"2025-05-14T14:56:36+00:00","breadcrumb":{"@id":"https:\/\/originscapital.ch\/de\/cookie-richtlinie\/#breadcrumb"},"inLanguage":"de","potentialAction":[{"@type":"ReadAction","target":["https:\/\/originscapital.ch\/de\/cookie-richtlinie\/"]}]},{"@type":"BreadcrumbList","@id":"https:\/\/originscapital.ch\/de\/cookie-richtlinie\/#breadcrumb","itemListElement":[{"@type":"ListItem","position":1,"name":"Home","item":"https:\/\/originscapital.ch\/de\/"},{"@type":"ListItem","position":2,"name":"Cookie-Richtlinie"}]},{"@type":"WebSite","@id":"https:\/\/originscapital.ch\/#website","url":"https:\/\/originscapital.ch\/","name":"Origins Capital GmbH","description":"Providing Financial Investment and Advice in Investment Processes, Sustainable Investment Approach, Risk Management, Asset Allocation and Governance.","publisher":{"@id":"https:\/\/originscapital.ch\/#organization"},"potentialAction":[{"@type":"SearchAction","target":{"@type":"EntryPoint","urlTemplate":"https:\/\/originscapital.ch\/?s={search_term_string}"},"query-input":{"@type":"PropertyValueSpecification","valueRequired":true,"valueName":"search_term_string"}}],"inLanguage":"de"},{"@type":"Organization","@id":"https:\/\/originscapital.ch\/#organization","name":"Origins Capital GmbH","url":"https:\/\/originscapital.ch\/","logo":{"@type":"ImageObject","inLanguage":"de","@id":"https:\/\/originscapital.ch\/#\/schema\/logo\/image\/","url":"https:\/\/originscapital.ch\/wp-content\/uploads\/2024\/12\/BlackLogoWhiteBackgroud.jpeg","contentUrl":"https:\/\/originscapital.ch\/wp-content\/uploads\/2024\/12\/BlackLogoWhiteBackgroud.jpeg","width":1600,"height":186,"caption":"Origins Capital GmbH"},"image":{"@id":"https:\/\/originscapital.ch\/#\/schema\/logo\/image\/"},"sameAs":["https:\/\/www.linkedin.com\/company\/origins-capital-gmbh"]}]}},"_links":{"self":[{"href":"https:\/\/originscapital.ch\/de\/wp-json\/wp\/v2\/pages\/252647","targetHints":{"allow":["GET"]}}],"collection":[{"href":"https:\/\/originscapital.ch\/de\/wp-json\/wp\/v2\/pages"}],"about":[{"href":"https:\/\/originscapital.ch\/de\/wp-json\/wp\/v2\/types\/page"}],"author":[{"embeddable":true,"href":"https:\/\/originscapital.ch\/de\/wp-json\/wp\/v2\/users\/2"}],"replies":[{"embeddable":true,"href":"https:\/\/originscapital.ch\/de\/wp-json\/wp\/v2\/comments?post=252647"}],"version-history":[{"count":4,"href":"https:\/\/originscapital.ch\/de\/wp-json\/wp\/v2\/pages\/252647\/revisions"}],"predecessor-version":[{"id":253047,"href":"https:\/\/originscapital.ch\/de\/wp-json\/wp\/v2\/pages\/252647\/revisions\/253047"}],"wp:attachment":[{"href":"https:\/\/originscapital.ch\/de\/wp-json\/wp\/v2\/media?parent=252647"}],"curies":[{"name":"wp","href":"https:\/\/api.w.org\/{rel}","templated":true}]}}